

{"id":98,"date":"2020-05-18T12:48:17","date_gmt":"2020-05-18T10:48:17","guid":{"rendered":"http:\/\/localhost:8888\/feuerwehr_avenwedde\/?page_id=98"},"modified":"2026-04-08T11:56:56","modified_gmt":"2026-04-08T11:56:56","slug":"aktuelles","status":"publish","type":"page","link":"http:\/\/loeschzug-avenwedde.de\/","title":{"rendered":"Aktuelles"},"content":{"rendered":"\n<figure class=\"wp-block-gallery has-nested-images columns-default is-cropped buehne auto-slide_7\">\n<figure class=\"wp-block-image size-full\"><img loading=\"lazy\" width=\"2500\" height=\"1280\" data-id=\"1136\"  src=\"http:\/\/loeschzug-avenwedde.de\/wp-content\/uploads\/2022\/05\/LZ_2500px.jpg\" alt=\"\" class=\"wp-image-1136\" srcset=\"http:\/\/loeschzug-avenwedde.de\/wp-content\/uploads\/2022\/05\/LZ_2500px.jpg 2500w, http:\/\/loeschzug-avenwedde.de\/wp-content\/uploads\/2022\/05\/LZ_2500px-300x154.jpg 300w, http:\/\/loeschzug-avenwedde.de\/wp-content\/uploads\/2022\/05\/LZ_2500px-1024x524.jpg 1024w, http:\/\/loeschzug-avenwedde.de\/wp-content\/uploads\/2022\/05\/LZ_2500px-768x393.jpg 768w, http:\/\/loeschzug-avenwedde.de\/wp-content\/uploads\/2022\/05\/LZ_2500px-1536x786.jpg 1536w, http:\/\/loeschzug-avenwedde.de\/wp-content\/uploads\/2022\/05\/LZ_2500px-2048x1049.jpg 2048w\" sizes=\"(max-width: 2500px) 100vw, 2500px\" \/><\/figure>\n\n\n\n<figure class=\"wp-block-image size-full\"><img loading=\"lazy\" width=\"2560\" height=\"1707\" data-id=\"1133\"  src=\"http:\/\/loeschzug-avenwedde.de\/wp-content\/uploads\/2022\/05\/Unknown-scaled.jpeg\" alt=\"\" class=\"wp-image-1133\" srcset=\"http:\/\/loeschzug-avenwedde.de\/wp-content\/uploads\/2022\/05\/Unknown-scaled.jpeg 2560w, http:\/\/loeschzug-avenwedde.de\/wp-content\/uploads\/2022\/05\/Unknown-300x200.jpeg 300w, http:\/\/loeschzug-avenwedde.de\/wp-content\/uploads\/2022\/05\/Unknown-1024x683.jpeg 1024w, http:\/\/loeschzug-avenwedde.de\/wp-content\/uploads\/2022\/05\/Unknown-768x512.jpeg 768w, http:\/\/loeschzug-avenwedde.de\/wp-content\/uploads\/2022\/05\/Unknown-1536x1024.jpeg 1536w, http:\/\/loeschzug-avenwedde.de\/wp-content\/uploads\/2022\/05\/Unknown-2048x1365.jpeg 2048w\" sizes=\"(max-width: 2560px) 100vw, 2560px\" \/><\/figure>\n\n\n\n<figure class=\"wp-block-image size-full\"><img loading=\"lazy\" width=\"2560\" height=\"1920\" data-id=\"1132\"  src=\"http:\/\/loeschzug-avenwedde.de\/wp-content\/uploads\/2022\/05\/IMG_1707-scaled.jpeg\" alt=\"\" class=\"wp-image-1132\" srcset=\"http:\/\/loeschzug-avenwedde.de\/wp-content\/uploads\/2022\/05\/IMG_1707-scaled.jpeg 2560w, http:\/\/loeschzug-avenwedde.de\/wp-content\/uploads\/2022\/05\/IMG_1707-300x225.jpeg 300w, http:\/\/loeschzug-avenwedde.de\/wp-content\/uploads\/2022\/05\/IMG_1707-1024x768.jpeg 1024w, http:\/\/loeschzug-avenwedde.de\/wp-content\/uploads\/2022\/05\/IMG_1707-768x576.jpeg 768w, http:\/\/loeschzug-avenwedde.de\/wp-content\/uploads\/2022\/05\/IMG_1707-1536x1152.jpeg 1536w, http:\/\/loeschzug-avenwedde.de\/wp-content\/uploads\/2022\/05\/IMG_1707-2048x1536.jpeg 2048w\" sizes=\"(max-width: 2560px) 100vw, 2560px\" \/><\/figure>\n\n\n\n<figure class=\"wp-block-image size-full\"><img loading=\"lazy\" width=\"2560\" height=\"1707\" data-id=\"859\"  src=\"http:\/\/loeschzug-avenwedde.de\/wp-content\/uploads\/2022\/04\/DSC_3995-scaled-1.jpg\" alt=\"\" class=\"wp-image-859\" srcset=\"http:\/\/loeschzug-avenwedde.de\/wp-content\/uploads\/2022\/04\/DSC_3995-scaled-1.jpg 2560w, http:\/\/loeschzug-avenwedde.de\/wp-content\/uploads\/2022\/04\/DSC_3995-scaled-1-300x200.jpg 300w, http:\/\/loeschzug-avenwedde.de\/wp-content\/uploads\/2022\/04\/DSC_3995-scaled-1-1024x683.jpg 1024w, http:\/\/loeschzug-avenwedde.de\/wp-content\/uploads\/2022\/04\/DSC_3995-scaled-1-768x512.jpg 768w, http:\/\/loeschzug-avenwedde.de\/wp-content\/uploads\/2022\/04\/DSC_3995-scaled-1-1536x1024.jpg 1536w, http:\/\/loeschzug-avenwedde.de\/wp-content\/uploads\/2022\/04\/DSC_3995-scaled-1-2048x1366.jpg 2048w, http:\/\/loeschzug-avenwedde.de\/wp-content\/uploads\/2022\/04\/DSC_3995-scaled-1-1568x1046.jpg 1568w\" sizes=\"(max-width: 2560px) 100vw, 2560px\" \/><\/figure>\n<\/figure>\n\n\n\n<h2 class=\"section\">Willkommen beim L\u00f6schzug Avenwedde!<\/h2>\n\n\n\n<p>Wir freuen uns Sie hier auf unserer Website begr\u00fc\u00dfen zu d\u00fcrfen. Der L\u00f6schzug Avenwedde steht mit seinen \u00fcber 50 Mitgliedern f\u00fcr den Schutz und die Sicherheit der 18.000 Einwohner von Avenwedde. Ebenso gestaltet der Spielmannszug aktiv die Kultur- und Freizeitangebote in unserem Ortsteil.<\/p>\n\n\n\n<h2>Wir suchen dich!<\/h2>\n\n\n\n<div class=\"wp-container-1 wp-block-group\"><div class=\"wp-block-group__inner-container\">\n<div class=\"wp-block-image section\"><figure class=\"aligncenter size-large\"><img loading=\"lazy\" width=\"1024\" height=\"591\" src=\"http:\/\/loeschzug-avenwedde.de\/wp-content\/uploads\/2023\/08\/Hierfehlstnurnochdu-1024x591.jpg\" alt=\"\" class=\"wp-image-2032\" srcset=\"http:\/\/loeschzug-avenwedde.de\/wp-content\/uploads\/2023\/08\/Hierfehlstnurnochdu-1024x591.jpg 1024w, http:\/\/loeschzug-avenwedde.de\/wp-content\/uploads\/2023\/08\/Hierfehlstnurnochdu-300x173.jpg 300w, http:\/\/loeschzug-avenwedde.de\/wp-content\/uploads\/2023\/08\/Hierfehlstnurnochdu-768x444.jpg 768w, http:\/\/loeschzug-avenwedde.de\/wp-content\/uploads\/2023\/08\/Hierfehlstnurnochdu.jpg 1264w\" sizes=\"(max-width: 1024px) 100vw, 1024px\" \/><\/figure><\/div>\n<\/div><\/div>\n\n\n\n<h2 class=\"has-text-align-left\">Ausf\u00fchrliche Information rund um eine Mitgliedschaft bei uns findet ihr hier.<\/h2>\n\n\n\n<p><a href=\"http:\/\/loeschzug-avenwedde.de\/index.php\/mitmachen\/\">http:\/\/loeschzug-avenwedde.de\/index.php\/mitmachen\/<\/a><\/p>\n\n\n\n<div class=\"wp-block-columns\">\n<div class=\"wp-block-column\">\n<h2><a href=\"http:\/\/loeschzug-avenwedde.de\/index.php\/einsatzhistorie\/\" data-type=\"page\" data-id=\"282\">Letzte Eins\u00e4tze<\/a><\/h2>\n\n\n<ul class=\"wp-block-latest-posts__list has-dates wp-block-latest-posts\"><li><a href=\"http:\/\/loeschzug-avenwedde.de\/index.php\/2026\/04\/05\/kleinbrand-dietrichstrasse\/\">Kleinbrand &#8211; Dietrichstra\u00dfe<\/a><time datetime=\"2026-04-05T21:46:51+00:00\" class=\"wp-block-latest-posts__post-date\">April 5, 2026<\/time><\/li>\n<li><a href=\"http:\/\/loeschzug-avenwedde.de\/index.php\/2026\/03\/30\/dachstuhlbrand-berliner-strasse\/\">Dachstuhlbrand &#8211; Berliner Stra\u00dfe<\/a><time datetime=\"2026-03-30T21:14:56+00:00\" class=\"wp-block-latest-posts__post-date\">M\u00e4rz 30, 2026<\/time><\/li>\n<li><a href=\"http:\/\/loeschzug-avenwedde.de\/index.php\/2026\/03\/27\/externe-bma-dieselstrasse\/\">Externe BMA &#8211; Dieselstra\u00dfe<\/a><time datetime=\"2026-03-27T02:36:13+00:00\" class=\"wp-block-latest-posts__post-date\">M\u00e4rz 27, 2026<\/time><\/li>\n<li><a href=\"http:\/\/loeschzug-avenwedde.de\/index.php\/2026\/03\/25\/baum-carl-zeiss-strasse\/\">Baum &#8211; Carl-Zeiss-Stra\u00dfe<\/a><time datetime=\"2026-03-25T20:05:45+00:00\" class=\"wp-block-latest-posts__post-date\">M\u00e4rz 25, 2026<\/time><\/li>\n<\/ul><\/div>\n\n\n\n<div class=\"wp-block-column\">\n<h2>Neuigkeiten<\/h2>\n\n\n<ul class=\"wp-block-latest-posts__list wp-block-latest-posts\"><li><a href=\"http:\/\/loeschzug-avenwedde.de\/index.php\/2025\/06\/27\/sommerkonzert-des-spielmannszuges-03-07-2025\/\">Sommerkonzert des Spielmannszuges &#8211; 03.07.2025<\/a><\/li>\n<li><a href=\"http:\/\/loeschzug-avenwedde.de\/index.php\/2025\/02\/11\/gruenannahme-osterfeur\/\">Gr\u00fcnannahme &#8211; Osterfeuer &#8211; 19.04.2025<\/a><\/li>\n<li><a href=\"http:\/\/loeschzug-avenwedde.de\/index.php\/2023\/06\/13\/feuerwehrfest-2023-2-3-09-2023\/\">Feuerwehrfest 2023 &#8211; 02.+03.09.2023<\/a><\/li>\n<li><a href=\"http:\/\/loeschzug-avenwedde.de\/index.php\/2022\/05\/19\/jubilaeumskonzert-spielmannszug\/\">Jubil\u00e4umskonzert Spielmannszug &#8211; 20.11.2022<\/a><\/li>\n<\/ul><\/div>\n<\/div>\n\n\n\n<h2 class=\"section\" id=\"folgen-sie-uns\">Folgen Sie uns!<\/h2>\n\n\n\n<div class=\"wp-block-columns\">\n<div class=\"wp-block-column\">\n<ul class=\"wp-container-2 wp-block-social-links has-huge-icon-size has-icon-color has-icon-background-color aktuell_social_media_icon\"><li style=\"color: #ffffff; background-color: #646464; \" class=\"wp-social-link wp-social-link-instagram wp-block-social-link\"><a href=\"https:\/\/instagram.com\/loeschzug_avenwedde?utm_medium=copy_link\" aria-label=\"Instagram: https:\/\/instagram.com\/loeschzug_avenwedde?utm_medium=copy_link\" rel=\"noopener nofollow\" target=\"_blank\" class=\"wp-block-social-link-anchor\"> <svg width=\"24\" height=\"24\" viewBox=\"0 0 24 24\" version=\"1.1\" xmlns=\"http:\/\/www.w3.org\/2000\/svg\" role=\"img\" aria-hidden=\"true\" focusable=\"false\"><path d=\"M12,4.622c2.403,0,2.688,0.009,3.637,0.052c0.877,0.04,1.354,0.187,1.671,0.31c0.42,0.163,0.72,0.358,1.035,0.673 c0.315,0.315,0.51,0.615,0.673,1.035c0.123,0.317,0.27,0.794,0.31,1.671c0.043,0.949,0.052,1.234,0.052,3.637 s-0.009,2.688-0.052,3.637c-0.04,0.877-0.187,1.354-0.31,1.671c-0.163,0.42-0.358,0.72-0.673,1.035 c-0.315,0.315-0.615,0.51-1.035,0.673c-0.317,0.123-0.794,0.27-1.671,0.31c-0.949,0.043-1.233,0.052-3.637,0.052 s-2.688-0.009-3.637-0.052c-0.877-0.04-1.354-0.187-1.671-0.31c-0.42-0.163-0.72-0.358-1.035-0.673 c-0.315-0.315-0.51-0.615-0.673-1.035c-0.123-0.317-0.27-0.794-0.31-1.671C4.631,14.688,4.622,14.403,4.622,12 s0.009-2.688,0.052-3.637c0.04-0.877,0.187-1.354,0.31-1.671c0.163-0.42,0.358-0.72,0.673-1.035 c0.315-0.315,0.615-0.51,1.035-0.673c0.317-0.123,0.794-0.27,1.671-0.31C9.312,4.631,9.597,4.622,12,4.622 M12,3 C9.556,3,9.249,3.01,8.289,3.054C7.331,3.098,6.677,3.25,6.105,3.472C5.513,3.702,5.011,4.01,4.511,4.511 c-0.5,0.5-0.808,1.002-1.038,1.594C3.25,6.677,3.098,7.331,3.054,8.289C3.01,9.249,3,9.556,3,12c0,2.444,0.01,2.751,0.054,3.711 c0.044,0.958,0.196,1.612,0.418,2.185c0.23,0.592,0.538,1.094,1.038,1.594c0.5,0.5,1.002,0.808,1.594,1.038 c0.572,0.222,1.227,0.375,2.185,0.418C9.249,20.99,9.556,21,12,21s2.751-0.01,3.711-0.054c0.958-0.044,1.612-0.196,2.185-0.418 c0.592-0.23,1.094-0.538,1.594-1.038c0.5-0.5,0.808-1.002,1.038-1.594c0.222-0.572,0.375-1.227,0.418-2.185 C20.99,14.751,21,14.444,21,12s-0.01-2.751-0.054-3.711c-0.044-0.958-0.196-1.612-0.418-2.185c-0.23-0.592-0.538-1.094-1.038-1.594 c-0.5-0.5-1.002-0.808-1.594-1.038c-0.572-0.222-1.227-0.375-2.185-0.418C14.751,3.01,14.444,3,12,3L12,3z M12,7.378 c-2.552,0-4.622,2.069-4.622,4.622S9.448,16.622,12,16.622s4.622-2.069,4.622-4.622S14.552,7.378,12,7.378z M12,15 c-1.657,0-3-1.343-3-3s1.343-3,3-3s3,1.343,3,3S13.657,15,12,15z M16.804,6.116c-0.596,0-1.08,0.484-1.08,1.08 s0.484,1.08,1.08,1.08c0.596,0,1.08-0.484,1.08-1.08S17.401,6.116,16.804,6.116z\"><\/path><\/svg><\/a><\/li><\/ul>\n<\/div>\n\n\n\n<div class=\"wp-block-column\">\n<ul class=\"wp-container-3 wp-block-social-links has-huge-icon-size has-icon-color has-icon-background-color aktuell_social_media_icon\"><li style=\"color: #ffffff; background-color: #646464; \" class=\"wp-social-link wp-social-link-facebook wp-block-social-link\"><a href=\"https:\/\/m.facebook.com\/L%C3%B6schzug-Avenwedde-1027308230613083\/\" aria-label=\"Facebook: https:\/\/m.facebook.com\/L%C3%B6schzug-Avenwedde-1027308230613083\/\" rel=\"noopener nofollow\" target=\"_blank\" class=\"wp-block-social-link-anchor\"> <svg width=\"24\" height=\"24\" viewBox=\"0 0 24 24\" version=\"1.1\" xmlns=\"http:\/\/www.w3.org\/2000\/svg\" role=\"img\" aria-hidden=\"true\" focusable=\"false\"><path d=\"M12 2C6.5 2 2 6.5 2 12c0 5 3.7 9.1 8.4 9.9v-7H7.9V12h2.5V9.8c0-2.5 1.5-3.9 3.8-3.9 1.1 0 2.2.2 2.2.2v2.5h-1.3c-1.2 0-1.6.8-1.6 1.6V12h2.8l-.4 2.9h-2.3v7C18.3 21.1 22 17 22 12c0-5.5-4.5-10-10-10z\"><\/path><\/svg><\/a><\/li><\/ul>\n<\/div>\n<\/div>\n\n\n\n<p><\/p>\n","protected":false},"excerpt":{"rendered":"<p>Willkommen beim L\u00f6schzug Avenwedde! Wir freuen uns Sie hier auf unserer Website begr\u00fc\u00dfen zu d\u00fcrfen. Der L\u00f6schzug Avenwedde steht mit seinen \u00fcber 50 Mitgliedern f\u00fcr den Schutz und die Sicherheit der 18.000 Einwohner von Avenwedde. Ebenso gestaltet der Spielmannszug aktiv die Kultur- und Freizeitangebote in unserem Ortsteil. Wir suchen dich! Ausf\u00fchrliche Information rund um eine [&hellip;]<\/p>\n","protected":false},"author":2,"featured_media":0,"parent":0,"menu_order":0,"comment_status":"closed","ping_status":"closed","template":"page.php","meta":[],"acf":[],"_links":{"self":[{"href":"http:\/\/loeschzug-avenwedde.de\/index.php\/wp-json\/wp\/v2\/pages\/98"}],"collection":[{"href":"http:\/\/loeschzug-avenwedde.de\/index.php\/wp-json\/wp\/v2\/pages"}],"about":[{"href":"http:\/\/loeschzug-avenwedde.de\/index.php\/wp-json\/wp\/v2\/types\/page"}],"author":[{"embeddable":true,"href":"http:\/\/loeschzug-avenwedde.de\/index.php\/wp-json\/wp\/v2\/users\/2"}],"replies":[{"embeddable":true,"href":"http:\/\/loeschzug-avenwedde.de\/index.php\/wp-json\/wp\/v2\/comments?post=98"}],"version-history":[{"count":73,"href":"http:\/\/loeschzug-avenwedde.de\/index.php\/wp-json\/wp\/v2\/pages\/98\/revisions"}],"predecessor-version":[{"id":3384,"href":"http:\/\/loeschzug-avenwedde.de\/index.php\/wp-json\/wp\/v2\/pages\/98\/revisions\/3384"}],"wp:attachment":[{"href":"http:\/\/loeschzug-avenwedde.de\/index.php\/wp-json\/wp\/v2\/media?parent=98"}],"curies":[{"name":"wp","href":"https:\/\/api.w.org\/{rel}","templated":true}]}}