

{"id":987,"date":"2020-03-19T18:58:47","date_gmt":"2020-03-19T17:58:47","guid":{"rendered":"http:\/\/localhost:8888\/feuerwehr_avenwedde\/?page_id=2"},"modified":"2024-11-01T18:53:33","modified_gmt":"2024-11-01T18:53:33","slug":"loeschzug","status":"publish","type":"page","link":"http:\/\/loeschzug-avenwedde.de\/index.php\/loeschzug\/","title":{"rendered":"L\u00f6schzug"},"content":{"rendered":"\n<figure class=\"wp-block-image size-full buehne\"><img loading=\"lazy\" width=\"2500\" height=\"1280\" src=\"http:\/\/loeschzug-avenwedde.de\/wp-content\/uploads\/2022\/05\/LZ_2500px.jpg\" alt=\"\" class=\"wp-image-1136\" srcset=\"http:\/\/loeschzug-avenwedde.de\/wp-content\/uploads\/2022\/05\/LZ_2500px.jpg 2500w, http:\/\/loeschzug-avenwedde.de\/wp-content\/uploads\/2022\/05\/LZ_2500px-300x154.jpg 300w, http:\/\/loeschzug-avenwedde.de\/wp-content\/uploads\/2022\/05\/LZ_2500px-1024x524.jpg 1024w, http:\/\/loeschzug-avenwedde.de\/wp-content\/uploads\/2022\/05\/LZ_2500px-768x393.jpg 768w, http:\/\/loeschzug-avenwedde.de\/wp-content\/uploads\/2022\/05\/LZ_2500px-1536x786.jpg 1536w, http:\/\/loeschzug-avenwedde.de\/wp-content\/uploads\/2022\/05\/LZ_2500px-2048x1049.jpg 2048w\" sizes=\"(max-width: 2500px) 100vw, 2500px\" \/><\/figure>\n\n\n\n<h2 class=\"main\" id=\"loeschzug\">Der L\u00f6schzug Avenwedde<\/h2>\n\n\n\n<p class=\"sidebar\">Vordere Reihe &#8211; Kai Cooper, Michael Leu, Frank Uhr, Timo Achtert, Marc Walter, Frank Vornholt, Mark Sander, Dennis Kiunke, Mike Buchholz, Heiner Ragut, Marcel Ernsting, Christian Bohnebuck, Lars St\u00f6ttwig, Martin Frenz, Stephen Allen, Karl-Heinz Wagner<br>Mittlere Reihe &#8211; Benjamin Meyer, Kevin Sander, Oliver Marten, Andr\u00e9 Seelandt, Fabian R\u00f6chter, Holger Petersen, Justin Sander, Dennis Teuscher, Rolf Kramme, Marcel Tolksdorf, Luis Kaspari, Marcel Wapelhorst, Maurice Vornholt, Marvin Vornholt, Cedrik Cubick, Tobias Heinrich<br>Hintere Reihe &#8211; Niclas Birwe, Uwe Kramme, Klaus Hunke, Janis Kiewert, Torben Wendt, Jan-Hendrik H\u00f6ner, Stefan St\u00f6ttwig<\/p>\n\n\n\n<p class=\"sidebar\">Nicht auf dem Foto &#8211; Bernd Birwe, Sascha Hauernherm, Louis Vedder, Jan Frenz<br><\/p>\n\n\n\n<p class=\"main\">Die Einsatzabteilung des L\u00f6schzuges Avenwedde besteht zur Zeit aus 53 M\u00e4nnern und Frauen. An jedem zweiten Dienstag findet unser Dienstabend statt, bei welchem wir uns in den zahlreichen Aufgaben der Feuerwehr weiterbilden und trainieren. Au\u00dferdem besteht die M\u00f6glichkeit an den freien Dienstagen in Kleingruppen bestimmte Themengebiete zu vertiefen. Zus\u00e4tzlich bilden sich unsere Kameraden in diversen Lehrg\u00e4ngen an der Kreisfeuerwehrschule G\u00fctersloh und dem Institut der Feuerwehr Nordrhein-Westfalen in M\u00fcnster weiter. Dort werden spezielle Fertigkeiten im Umgang mit zum Beispiel Atemschutzger\u00e4ten, Chemikalienschutzanz\u00fcgen oder den Ger\u00e4ten der technischen Hilfeleistung vermittelt. Am Institut der Feuerwehr werden dann F\u00fchrungslehrg\u00e4nge im Bereich der Gruppen-, Zug- und Verbandsf\u00fchrer besucht, womit sich unsere Kameraden f\u00fcr das F\u00fchren gr\u00f6\u00dferer Einheiten qualifizieren. Au\u00dferdem werden dort weiterf\u00fchrende Seminare f\u00fcr F\u00fchrungskr\u00e4fte und f\u00fcr spezielle Themengebiete angeboten. <br><br>\u00dcbungs- und Ausbildungsdienst findet immer Dienstags ab 19:30 statt. Hier besteht auch die M\u00f6glichkeit einmal unverbindlich in die Arbeit der Feuerwehr hinein zu schnuppern.<\/p>\n\n\n\n<p><\/p>\n\n\n\n<p><\/p>\n\n\n<nav class=\"level_two_nav\"><\/nav>\n\n\n\n<div class=\"wp-container-1 wp-block-group\"><div class=\"wp-block-group__inner-container\">\n<div class=\"wp-block-columns\">\n<div class=\"wp-block-column\"><\/div>\n<\/div>\n<\/div><\/div>\n\n\n\n<h2 class=\"section\" id=\"loeschzugfuehrung\">Die L\u00f6schzugf\u00fchrung<\/h2>\n\n\n\n<figure class=\"wp-block-image size-full\"><img loading=\"lazy\" width=\"2500\" height=\"1665\" src=\"http:\/\/loeschzug-avenwedde.de\/wp-content\/uploads\/2022\/05\/LZ_Fuehrung_2500px.jpg\" alt=\"\" class=\"wp-image-1144\" srcset=\"http:\/\/loeschzug-avenwedde.de\/wp-content\/uploads\/2022\/05\/LZ_Fuehrung_2500px.jpg 2500w, http:\/\/loeschzug-avenwedde.de\/wp-content\/uploads\/2022\/05\/LZ_Fuehrung_2500px-300x200.jpg 300w, http:\/\/loeschzug-avenwedde.de\/wp-content\/uploads\/2022\/05\/LZ_Fuehrung_2500px-1024x682.jpg 1024w, http:\/\/loeschzug-avenwedde.de\/wp-content\/uploads\/2022\/05\/LZ_Fuehrung_2500px-768x511.jpg 768w, http:\/\/loeschzug-avenwedde.de\/wp-content\/uploads\/2022\/05\/LZ_Fuehrung_2500px-1536x1023.jpg 1536w, http:\/\/loeschzug-avenwedde.de\/wp-content\/uploads\/2022\/05\/LZ_Fuehrung_2500px-2048x1364.jpg 2048w\" sizes=\"(max-width: 2500px) 100vw, 2500px\" \/><\/figure>\n\n\n\n<p>von links nach rechts:<\/p>\n\n\n\n<p>Mark Sander &#8211; stellv. L\u00f6schzugf\u00fchrer, Dennis Kiunke &#8211; L\u00f6schzugf\u00fchrer, Mike Buchholz &#8211; stellv. L\u00f6schzugf\u00fchrer<\/p>\n\n\n\n<figure class=\"wp-block-image size-full buehne anchor-top\"><img loading=\"lazy\" width=\"2500\" height=\"1438\" src=\"http:\/\/loeschzug-avenwedde.de\/wp-content\/uploads\/2022\/05\/DSC_8515_2500-1.jpg\" alt=\"\" class=\"wp-image-1267\" srcset=\"http:\/\/loeschzug-avenwedde.de\/wp-content\/uploads\/2022\/05\/DSC_8515_2500-1.jpg 2500w, http:\/\/loeschzug-avenwedde.de\/wp-content\/uploads\/2022\/05\/DSC_8515_2500-1-300x173.jpg 300w, http:\/\/loeschzug-avenwedde.de\/wp-content\/uploads\/2022\/05\/DSC_8515_2500-1-1024x589.jpg 1024w, http:\/\/loeschzug-avenwedde.de\/wp-content\/uploads\/2022\/05\/DSC_8515_2500-1-768x442.jpg 768w, http:\/\/loeschzug-avenwedde.de\/wp-content\/uploads\/2022\/05\/DSC_8515_2500-1-1536x884.jpg 1536w, http:\/\/loeschzug-avenwedde.de\/wp-content\/uploads\/2022\/05\/DSC_8515_2500-1-2048x1178.jpg 2048w\" sizes=\"(max-width: 2500px) 100vw, 2500px\" \/><\/figure>\n\n\n\n<p class=\"sidebar\">von links nach rechts:<\/p>\n\n\n\n<p class=\"sidebar\">vordere Reihe: Heinz Hansmerten, Lothar Achtert, Ferdinand Wannhof, Hubert Deppe, Heinz Frenz<br>hintere Reihe: Winfried Kroll, Karl-Heinz Kuhirte, Harald Horstk\u00f6tter, Hermann Mesken, Gerhard Scheiba, Berhard Wittenstein, Klaus-Peter Garczyk, Wolfgang Witthoff, Rudolf Vornholt, Klaus Wulf<\/p>\n\n\n\n<p class=\"sidebar\">es fehlt: Heinz-Adolf St\u00f6ttwig<br><\/p>\n\n\n\n<h2 id=\"ehrenabteilung\">Unsere Ehrenabteilung<\/h2>\n\n\n\n<p>Die Ehrenabteilung besteht aus ehemaligen Mitgliedern des L\u00f6schzuges Avenwedde. Mit Erreichen der Altersgrenze f\u00fcr die Einsatzabteilung k\u00f6nnen die Kameraden in die Ehrenabteilung wechseln. Diese hat vor allem den Zweck die langj\u00e4hrige Freundschaft und Kameradschaft aufrecht zu erhalten. Au\u00dferdem unterst\u00fctzt sie die aktive Wehr bei unseren zahlreichen Veranstaltungen wie dem allj\u00e4hrlichen Feuerwehrfest, dem Osterfeuer oder dem Aufstellen des Maibaums vor dem Bahnhof Avenwedde.<\/p>\n\n\n\n<p>An jedem ersten Mittwoch im Monat trifft sich die Ehrenabteilung zum Dienstabend, wo in geselliger Runde den alten Zeiten, aber auch aktuellen Themen gedacht wird. Au\u00dferdem werden auch Freundschaften mit anderen L\u00f6schz\u00fcgen, wie der L\u00f6schabteilung Ummeln oder der Werkfeuerwehr Miele G\u00fctersloh gepflegt. Nat\u00fcrlich sind unsere ehemaligen Kameraden auch immer auf einen Besuch bei der aktiven Wehr willkommen und ein fester Bestandteil bei unseren internen Feierlichkeiten, wie der Traditionellen Nikolausfeier und dem Familientag dabei.<\/p>\n\n\n\n<figure class=\"wp-block-image size-full buehne\"><img loading=\"lazy\" width=\"1237\" height=\"825\" src=\"http:\/\/loeschzug-avenwedde.de\/wp-content\/uploads\/2022\/04\/Fahrzeuge_2022.jpg\" alt=\"\" class=\"wp-image-321\" srcset=\"http:\/\/loeschzug-avenwedde.de\/wp-content\/uploads\/2022\/04\/Fahrzeuge_2022.jpg 1237w, http:\/\/loeschzug-avenwedde.de\/wp-content\/uploads\/2022\/04\/Fahrzeuge_2022-300x200.jpg 300w, http:\/\/loeschzug-avenwedde.de\/wp-content\/uploads\/2022\/04\/Fahrzeuge_2022-1024x683.jpg 1024w, http:\/\/loeschzug-avenwedde.de\/wp-content\/uploads\/2022\/04\/Fahrzeuge_2022-768x512.jpg 768w\" sizes=\"(max-width: 1237px) 100vw, 1237px\" \/><\/figure>\n\n\n\n<p class=\"sidebar\">von links nach rechts: Florian G\u00fctersloh 4 MTF 1, Florian G\u00fctersloh 4 MTF 2, Florian G\u00fctersloh 4 TLF 4000, Florian G\u00fctersloh 4 HLF 10, Florian G\u00fctersloh 4 LF 20<\/p>\n\n\n\n<h2 id=\"fahrzeuge\">Die Fahrzeuge<\/h2>\n\n\n\n<p>Unser Fuhrpark besteht aus drei Gro\u00dffahrzeugen und zwei Mannschaftstransportfahrzeugen. Mit diesen Einsatzmitteln sind wir f\u00fcr ein vielf\u00e4ltiges Spektrum an Aufgaben ger\u00fcstet. Mit unseren beiden Gruppenfahrzeugen dem HLF 20 und dem LF 20 decken wir die Brandbek\u00e4mpfung und die technische Hilfeleistung ab, wobei das HLF 20 als Allrounder jeweils als Erstausr\u00fcckfahrzeug genutzt wird. Zus\u00e4tzlich haben wir als Truppfahrzeug ein TLF 4000, welches bei uns 1980, wegen der stetig wachsenden Industrie und der teilweise unzureichenden Versorgung mit L\u00f6schwasser, stationiert wurde. Im Jahr 2004 wurde das Fahrzeug ersatzbeschafft. Mit diesem Fahrzeug unterst\u00fctzen wir im ganzen Kreis G\u00fctersloh und dar\u00fcber hinaus bei Eins\u00e4tzen.<\/p>\n\n\n\n<p>Mit den beiden Mannschaftstransportfahrzeugen wird haupts\u00e4chlich die Mannschaft zur Einsatzstelle gebracht, aber auch Material in Verbindung mit dem Anh\u00e4nger des L\u00f6schzuges transportiert. Zus\u00e4tzlich ist unser MTF 1 Bestandteil der vorgeplanten \u00fcber\u00f6rtlichen Hilfe im Zug 44 des Verbandes Bezirk Detmold. Dort bringen wir ebenfalls Mannschaft zu Gro\u00dfeins\u00e4tzen und Gro\u00dfschadenslagen in ganz Deutschland um dann die restlichen Fahrzeuge des Zuges 44 mit Mannschaft aufzuf\u00fcllen.<\/p>\n\n\n\n<figure class=\"wp-block-gallery has-nested-images columns-default is-cropped buehne\">\n<figure class=\"wp-block-image size-full\"><img loading=\"lazy\" width=\"2048\" height=\"1536\" data-id=\"398\"  src=\"http:\/\/loeschzug-avenwedde.de\/wp-content\/uploads\/2022\/04\/IMG_3547.jpeg\" alt=\"\" class=\"wp-image-398\" srcset=\"http:\/\/loeschzug-avenwedde.de\/wp-content\/uploads\/2022\/04\/IMG_3547.jpeg 2048w, http:\/\/loeschzug-avenwedde.de\/wp-content\/uploads\/2022\/04\/IMG_3547-300x225.jpeg 300w, http:\/\/loeschzug-avenwedde.de\/wp-content\/uploads\/2022\/04\/IMG_3547-1024x768.jpeg 1024w, http:\/\/loeschzug-avenwedde.de\/wp-content\/uploads\/2022\/04\/IMG_3547-768x576.jpeg 768w, http:\/\/loeschzug-avenwedde.de\/wp-content\/uploads\/2022\/04\/IMG_3547-1536x1152.jpeg 1536w, http:\/\/loeschzug-avenwedde.de\/wp-content\/uploads\/2022\/04\/IMG_3547-1568x1176.jpeg 1568w\" sizes=\"(max-width: 2048px) 100vw, 2048px\" \/><\/figure>\n\n\n\n<figure class=\"wp-block-image size-full\"><img loading=\"lazy\" width=\"640\" height=\"426\" data-id=\"206\"  src=\"http:\/\/loeschzug-avenwedde.de\/wp-content\/uploads\/2022\/03\/ImageRenderer.ashx-16.jpeg\" alt=\"\" class=\"wp-image-206\" srcset=\"http:\/\/loeschzug-avenwedde.de\/wp-content\/uploads\/2022\/03\/ImageRenderer.ashx-16.jpeg 640w, http:\/\/loeschzug-avenwedde.de\/wp-content\/uploads\/2022\/03\/ImageRenderer.ashx-16-300x200.jpeg 300w\" sizes=\"(max-width: 640px) 100vw, 640px\" \/><\/figure>\n\n\n\n<figure class=\"wp-block-image size-full\"><img loading=\"lazy\" width=\"2048\" height=\"1536\" data-id=\"393\"  src=\"http:\/\/loeschzug-avenwedde.de\/wp-content\/uploads\/2022\/04\/IMG_3525.jpeg\" alt=\"\" class=\"wp-image-393\" srcset=\"http:\/\/loeschzug-avenwedde.de\/wp-content\/uploads\/2022\/04\/IMG_3525.jpeg 2048w, http:\/\/loeschzug-avenwedde.de\/wp-content\/uploads\/2022\/04\/IMG_3525-300x225.jpeg 300w, http:\/\/loeschzug-avenwedde.de\/wp-content\/uploads\/2022\/04\/IMG_3525-1024x768.jpeg 1024w, http:\/\/loeschzug-avenwedde.de\/wp-content\/uploads\/2022\/04\/IMG_3525-768x576.jpeg 768w, http:\/\/loeschzug-avenwedde.de\/wp-content\/uploads\/2022\/04\/IMG_3525-1536x1152.jpeg 1536w, http:\/\/loeschzug-avenwedde.de\/wp-content\/uploads\/2022\/04\/IMG_3525-1568x1176.jpeg 1568w\" sizes=\"(max-width: 2048px) 100vw, 2048px\" \/><\/figure>\n\n\n\n<figure class=\"wp-block-image size-full\"><img loading=\"lazy\" width=\"2048\" height=\"1536\" data-id=\"395\"  src=\"http:\/\/loeschzug-avenwedde.de\/wp-content\/uploads\/2022\/04\/IMG_3527.jpeg\" alt=\"\" class=\"wp-image-395\" srcset=\"http:\/\/loeschzug-avenwedde.de\/wp-content\/uploads\/2022\/04\/IMG_3527.jpeg 2048w, http:\/\/loeschzug-avenwedde.de\/wp-content\/uploads\/2022\/04\/IMG_3527-300x225.jpeg 300w, http:\/\/loeschzug-avenwedde.de\/wp-content\/uploads\/2022\/04\/IMG_3527-1024x768.jpeg 1024w, http:\/\/loeschzug-avenwedde.de\/wp-content\/uploads\/2022\/04\/IMG_3527-768x576.jpeg 768w, http:\/\/loeschzug-avenwedde.de\/wp-content\/uploads\/2022\/04\/IMG_3527-1536x1152.jpeg 1536w, http:\/\/loeschzug-avenwedde.de\/wp-content\/uploads\/2022\/04\/IMG_3527-1568x1176.jpeg 1568w\" sizes=\"(max-width: 2048px) 100vw, 2048px\" \/><\/figure>\n<\/figure>\n\n\n\n<figure class=\"wp-block-gallery has-nested-images columns-default is-cropped\"><\/figure>\n\n\n\n<h2 id=\"geraetehaus\">Das Ger\u00e4tehaus<\/h2>\n\n\n\n<p>Nach ungef\u00e4hr einem Jahr Bauzeit konnte der L\u00f6schzug im Sp\u00e4tsommer 2010 sein provisorische Unterkunft bei der Firma Zimmermann verlassen und in das neue Ger\u00e4tehaus an der G\u00fcthstr. 4 einziehen. Neben einer neuen Fahrzeughalle mit 5 Stellpl\u00e4tzen, davon 4 f\u00fcr Gro\u00dffahrzeuge, und einer Werkstatt sowie Lagerfl\u00e4che, wurde ein moderner Sozialtrakt erstellt. Im Erdgeschoss dieses Geb\u00e4udes sind der Umkleideraum f\u00fcr die Einsatzabteilung, Toiletten und Duschen sowie das L\u00f6schzugf\u00fchrerb\u00fcro, ein Lagerraum, eine Feinwerkstatt bzw. Besprechungsraum und ein Waschraum untergebracht. Im ersten Obergeschoss sind ein gro\u00dfz\u00fcgiger Unterrichtsraum, der sich durch eine Trennwand teilen l\u00e4sst, ein Lager- und Probenraum f\u00fcr den Spielmannszug sowie die K\u00fcche zu finden. Im zweiten Obergeschoss befindet sich noch eine Wohnung. Insgesamt wurden rund 1,5 Mio. Euro f\u00fcr den Neubau durch die Stadt G\u00fctersloh investiert.<\/p>\n","protected":false},"excerpt":{"rendered":"<p>Der L\u00f6schzug Avenwedde Vordere Reihe &#8211; Kai Cooper, Michael Leu, Frank Uhr, Timo Achtert, Marc Walter, Frank Vornholt, Mark Sander, Dennis Kiunke, Mike Buchholz, Heiner Ragut, Marcel Ernsting, Christian Bohnebuck, Lars St\u00f6ttwig, Martin Frenz, Stephen Allen, Karl-Heinz WagnerMittlere Reihe &#8211; Benjamin Meyer, Kevin Sander, Oliver Marten, Andr\u00e9 Seelandt, Fabian R\u00f6chter, Holger Petersen, Justin Sander, Dennis [&hellip;]<\/p>\n","protected":false},"author":2,"featured_media":0,"parent":0,"menu_order":0,"comment_status":"closed","ping_status":"open","template":"page.php","meta":[],"acf":[],"_links":{"self":[{"href":"http:\/\/loeschzug-avenwedde.de\/index.php\/wp-json\/wp\/v2\/pages\/987"}],"collection":[{"href":"http:\/\/loeschzug-avenwedde.de\/index.php\/wp-json\/wp\/v2\/pages"}],"about":[{"href":"http:\/\/loeschzug-avenwedde.de\/index.php\/wp-json\/wp\/v2\/types\/page"}],"author":[{"embeddable":true,"href":"http:\/\/loeschzug-avenwedde.de\/index.php\/wp-json\/wp\/v2\/users\/2"}],"replies":[{"embeddable":true,"href":"http:\/\/loeschzug-avenwedde.de\/index.php\/wp-json\/wp\/v2\/comments?post=987"}],"version-history":[{"count":26,"href":"http:\/\/loeschzug-avenwedde.de\/index.php\/wp-json\/wp\/v2\/pages\/987\/revisions"}],"predecessor-version":[{"id":2620,"href":"http:\/\/loeschzug-avenwedde.de\/index.php\/wp-json\/wp\/v2\/pages\/987\/revisions\/2620"}],"wp:attachment":[{"href":"http:\/\/loeschzug-avenwedde.de\/index.php\/wp-json\/wp\/v2\/media?parent=987"}],"curies":[{"name":"wp","href":"https:\/\/api.w.org\/{rel}","templated":true}]}}